{"id":7,"date":"2024-04-25T22:20:59","date_gmt":"2024-04-25T20:20:59","guid":{"rendered":"https:\/\/emile-brager.org\/?page_id=7"},"modified":"2025-12-31T08:57:26","modified_gmt":"2025-12-31T07:57:26","slug":"contact","status":"publish","type":"page","link":"https:\/\/emile-brager.org\/index.php\/contact\/","title":{"rendered":"Se procurer le livre"},"content":{"rendered":"\n<p><\/p>\n\n\n\n<p class=\"has-text-align-left\"><strong><mark style=\"background-color:rgba(0, 0, 0, 0);color:#d40606\" class=\"has-inline-color\"><\/mark><\/strong><\/p>\n\n\n\n<p><strong>Comment se procurer le livre ?<\/strong><\/p>\n\n\n\n<p>Votre participation aux frais de la recherche technique, de la r\u00e9daction, des dessins, de la mise en pages, de l&#8217;impression, de l&#8217;emballage, de l&#8217;envoi&#8230;, est vraiment la bienvenue.&nbsp;<\/p>\n\n\n\n<p>Pour recevoir le livre :<br> &#8211; <strong>pour la France<\/strong> : faites parvenir 60\u20ac en esp\u00e8ces, en \u00ab\u00a0courrier suivi\u00a0\u00bb \u00e9ventuellement, dans une enveloppe un peu \u00e9paisse et bien scotch\u00e9e \u00e0 l&#8217;adresse ci-dessous :\u00a0<br><br>&#8211; <strong>pour l&#8217;\u00e9tranger<\/strong> : faites parvenir 80\u20ac (folie des frais postaux !) en esp\u00e8ces, dans une enveloppe un peu \u00e9paisse et bien scotch\u00e9e \u00e0 l&#8217;adresse ci-dessous :\u00a0<\/p>\n\n\n\n<p class=\"has-text-align-center\">______________________________<br><strong>\u00c9mile Brager<br>Le Louby<br>4000, route des gorges<br>07700 Saint-Martin-d&#8217;Ard\u00e8che<\/strong><br>______________________________<\/p>\n\n\n\n<p><strong>Bon \u00e0 savoir :<\/strong> \u00c9mile est assez bon avec les chevaux et les mules mais pas dou\u00e9 du tout avec les \u00e9critures de chat et les hi\u00e9roglyphes. Pour vous pr\u00e9munir de tout d\u00e9sagr\u00e9ment,&nbsp;<strong>indiquez&nbsp;votre nom complet et l&#8217;adresse de livraison compl\u00e8te en MAJUSCULES d&#8217;imprimerie<\/strong>.<\/p>\n\n\n\n<p><strong>Bon \u00e0 savoir aussi :<\/strong> \u00c9mile n&#8217;accepte pas les ch\u00e8ques. La confiance est morte et c&#8217;est trop de tracasseries pour courir apr\u00e8s 60 euros.<br>\u00c9mile n&#8217;accepte pas non plus les virements bancaires. Il est incomp\u00e9tent avec ces machins et son r\u00e9seau internet est beaucoup trop al\u00e9atoire.<\/p>\n\n\n\n<p>Sauf randonn\u00e9e estivale, hivernale, automnale ou printani\u00e8re ou bien encore formation b\u00e2tage, le bouquin est exp\u00e9di\u00e9 rapidement.<\/p>\n\n\n\n<p>Une petite d\u00e9dicace est possible. Il suffit de la demander, bien s\u00fbr !<\/p>\n\n\n<div class=\"wp-block-image\">\n<figure class=\"aligncenter size-full\"><img loading=\"lazy\" decoding=\"async\" width=\"355\" height=\"408\" src=\"http:\/\/emile-brager.org\/wp-content\/uploads\/2024\/05\/dessin-removebg-preview.png\" alt=\"\" class=\"wp-image-63\" srcset=\"https:\/\/emile-brager.org\/wp-content\/uploads\/2024\/05\/dessin-removebg-preview.png 355w, https:\/\/emile-brager.org\/wp-content\/uploads\/2024\/05\/dessin-removebg-preview-261x300.png 261w\" sizes=\"auto, (max-width: 355px) 100vw, 355px\" \/><\/figure>\n<\/div>","protected":false},"excerpt":{"rendered":"<p>Comment se procurer le livre ? Votre participation aux frais de la recherche technique, de la r\u00e9daction, des dessins, de la mise en pages, de l&#8217;impression, de l&#8217;emballage, de l&#8217;envoi&#8230;, est vraiment la bienvenue.&nbsp; Pour recevoir le livre : &#8211; pour la France : faites parvenir 60\u20ac en esp\u00e8ces, en \u00ab\u00a0courrier suivi\u00a0\u00bb \u00e9ventuellement, dans une&hellip; <a class=\"more-link\" href=\"https:\/\/emile-brager.org\/index.php\/contact\/\">Continue reading <span class=\"screen-reader-text\">Se procurer le livre<\/span><\/a><\/p>\n","protected":false},"author":1,"featured_media":0,"parent":0,"menu_order":0,"comment_status":"closed","ping_status":"closed","template":"","meta":{"footnotes":""},"class_list":["post-7","page","type-page","status-publish","hentry","entry"],"_links":{"self":[{"href":"https:\/\/emile-brager.org\/index.php\/wp-json\/wp\/v2\/pages\/7","targetHints":{"allow":["GET"]}}],"collection":[{"href":"https:\/\/emile-brager.org\/index.php\/wp-json\/wp\/v2\/pages"}],"about":[{"href":"https:\/\/emile-brager.org\/index.php\/wp-json\/wp\/v2\/types\/page"}],"author":[{"embeddable":true,"href":"https:\/\/emile-brager.org\/index.php\/wp-json\/wp\/v2\/users\/1"}],"replies":[{"embeddable":true,"href":"https:\/\/emile-brager.org\/index.php\/wp-json\/wp\/v2\/comments?post=7"}],"version-history":[{"count":14,"href":"https:\/\/emile-brager.org\/index.php\/wp-json\/wp\/v2\/pages\/7\/revisions"}],"predecessor-version":[{"id":97,"href":"https:\/\/emile-brager.org\/index.php\/wp-json\/wp\/v2\/pages\/7\/revisions\/97"}],"wp:attachment":[{"href":"https:\/\/emile-brager.org\/index.php\/wp-json\/wp\/v2\/media?parent=7"}],"curies":[{"name":"wp","href":"https:\/\/api.w.org\/{rel}","templated":true}]}}