{"id":53,"date":"2024-05-13T16:32:33","date_gmt":"2024-05-13T14:32:33","guid":{"rendered":"https:\/\/emile-brager.org\/?page_id=53"},"modified":"2024-05-13T17:03:22","modified_gmt":"2024-05-13T15:03:22","slug":"le-parcours-cavalier-demile","status":"publish","type":"page","link":"https:\/\/emile-brager.org\/index.php\/le-parcours-cavalier-demile\/","title":{"rendered":"Le parcours cavalier\u00a0d&#8217;\u00c9mile"},"content":{"rendered":"<p>Voici ce le petit r\u00e9sum\u00e9 du chemin sportif et cavalier parcouru par \u00c9mile jusqu\u2019\u00e0 aujourd\u2019hui. Chemin qu\u2019il a bien l\u2019intention de continuer longtemps encore.<\/p>\n<p>Issu d\u2019un milieu familial modeste, gamin dot\u00e9 d\u2019une \u00ab\u00a0belle sant\u00e9\u00a0\u00bb et tr\u00e8s t\u00f4t r\u00e9fractaire \u00e0 toute forme de gouvernance, \u00c9mile fait des \u00e9tudes classiques qui d\u00e9bouchent sur beaucoup de sport dont le rugby et la natation et le m\u00e9tier de \u00ab\u00a0prof de gym\u00a0\u00bb en coll\u00e8ges et lyc\u00e9es.<\/p>\n<p>Sit\u00f4t pay\u00e9es les dettes d\u2019\u00e9tudiant, le salaire est surtout consacr\u00e9 a sa fascination pour les chevaux, fascination qu\u2019il a depuis tout jeune et qui lui vient certainement d\u2019anc\u00eatres et parents muletiers, charretiers professionnels ou tout simplement agriculteurs en traction animale.<\/p>\n<p>Travailler\u00a0? Oui, puisque c\u2019est le passage oblig\u00e9 et que \u00e7a peut \u00eatre bien aussi.<\/p>\n<p>Vivre ses passions\u00a0? Absolument et m\u00eame si \u00e7a ne fait pas tr\u00e8s s\u00e9rieux\u00a0!<\/p>\n<p>La triste \u00e9quitation classique diffus\u00e9e \u00e0 cette \u00e9poque dans les man\u00e8ges n\u2019est pas son truc. L\u2019ext\u00e9rieur, \u00e7a oui\u00a0! \u00c9mile est un \u00ab\u00a0Enfant de la garrigue\u00a0\u00bb. Les randonn\u00e9es en autonomie se succ\u00e8dent, avec bonheur.<\/p>\n<p>En 79-80, avec Marie Roesl\u00e9, deux chevaux et un chien, il parcourt pendant 14 mois quelques 10\u00a0000\u00a0km en France, Espagne et Portugal. Pas de tente, pas de popote, pas de cheval de b\u00e2t\u00a0: le minimum minimorum. Et \u00e7a marche\u00a0! Un \u00e9quilibre cavalier et voyageur s\u2019installe. Ce sera la premi\u00e8re d\u2019une longue et heureuse s\u00e9rie d\u2019ann\u00e9es sabbatiques.<\/p>\n<p>1981\u00a0: Cr\u00e9ation, avec St\u00e9phane Bigo, Marie Roesl\u00e9, Sylvie Lile, Christian Lile et Fr\u00e9d\u00e9ric Blanc, de l\u2019Association des Cavaliers au Long Cours.<\/p>\n<p>Entre 1984 et 1988, apr\u00e8s une pr\u00e9paration minutieuse du mat\u00e9riel, des savoirs \u00e9questres (mar\u00e9chalerie, courses d\u2019endurance, b\u00e2tage\u2026) et autres th\u00e8mes \u00e0 ne pas n\u00e9gliger, il remonte avec Marie Roesl\u00e9, 4 chevaux et mules et un chien, tout le continent am\u00e9ricain. \u00c7a fait 25\u00a0000\u00a0km sur 15 pays, du d\u00e9troit de Magellan jusqu\u2019\u00e0 Fairbanks (Alaska). Une \u00e9pop\u00e9e de 4 ans qui n\u2019a pas donn\u00e9 lieu \u00e0 l\u2019\u00e9criture d\u2019un r\u00e9cit mais \u00e0 une th\u00e8se sur \u00ab\u00a0L\u2019effort et les capacit\u00e9s d\u2019adaptation des chevaux de \u00ab\u00a0Caravane pour un Continent\u00a0\u00bb.<\/p>\n<p>\u00c9mile et Marie, sans avoir rien demand\u00e9, sont \u00e9lev\u00e9s au grade de Chevalier dans l\u2019Ordre de la L\u00e9gion d\u2019Honneur par le Pr\u00e9sident de la R\u00e9publique himself au titre de \u00ab\u00a0Cavaliers au Long Cours\u00a0\u00bb. Leur Ami 8 Citro\u00ebn bleu rouill\u00e9, presque \u00e9pave ambulante, d\u00e9note un peu dans la cour de l\u2019\u00c9lys\u00e9e mais l\u2019humour et le non-conformisme sont des valeurs sures. Apr\u00e8s avoir si souvent couch\u00e9 dehors, ne nous privons pas du petit plaisir futile de la reconnaissance ni de celui de t\u00e2ter un peu le luxe de la r\u00e9sidence pr\u00e9sidentielle\u00a0!<\/p>\n<p>1993\u00a0: Premi\u00e8re \u00e9dition du livre \u00ab\u00a0<b>Techniques du Voyage \u00e0 Cheval<\/b>\u00a0\u00bb. Ce modeste petit bouquin rencontre son public et devient un classique. S\u2019ensuivront d\u2019autres \u00e9ditions avec de constantes mises \u00e0 jour. \u00c9mile est en recherche permanente d\u2019optimisation et ressent du bonheur dans la transmission du savoir\u00a0: \u00ab\u00a0un travail d\u2019homme\u00a0\u00bb, selon ses mots.<\/p>\n<p>Le voil\u00e0 reparti en 93-94 avec Marie Roesl\u00e9 pour une autre ann\u00e9e sabbatique\u00a0: 1 an sur un voilier, d\u00e9riveur int\u00e9gral de 9 m\u00e8tres en alu, en Atlantique proche et M\u00e9diterran\u00e9e. Un autre milieu, une autre ambiance, d\u2019autres exigences, d\u2019autres bonheurs.<\/p>\n<p>\u00c9t\u00e9 95\u00a0: un trop court voyage en bicyclette en Mongolie avec Marie Roesl\u00e9. Un d\u00e9paysement total, un \u00e9merveillement culturel et cavalier.<\/p>\n<p>En 98-99, c\u2019est le raid \u00ab\u00a0Coureurs de Prairie\u00a0\u00bb\u00a0: 10\u00a0000\u00a0km en 10 mois aux USA avec deux mules. Moins concern\u00e9e par la \u00ab\u00a0boulimie kilom\u00e9trique\u00a0\u00bb d\u2019\u00c9mile, Marie Roesl\u00e9 fait un voyage en parall\u00e8le avec un v\u00e9hicule. Lequel v\u00e9hicule sera tr\u00e8s utile en hiver et dans la Vall\u00e9e de la Mort. Il est des coins qui manquent nettement d\u2019eau et d\u2019herbe\u2026<\/p>\n<p>2000\u00a0: Remise en fonctionnement de l\u2019association des \u00ab\u00a0Cavaliers Au Long Cours\u00a0\u00bb rest\u00e9e un temps en sommeil. La mayonnaise reprend \u00e0 grande vitesse et avec bonheur. L\u2019amiti\u00e9 et le partage sont au rendez-vous. Les grands voyages modernes \u00e0 cheval ou en roulotte ne se comptent d\u00e9sormais plus.<\/p>\n<p>2000\u00a0: D\u00e9but de la s\u00e9rie des \u00ab\u00a0Formations b\u00e2tage\u00a0\u00bb (utilisation des chevaux, \u00e2nes et mules de b\u00e2t en voyage ou en portage agricole). \u00ab\u00a0Transmettre\u00a0\u00bb, encore.<\/p>\n<p>2005\u00a0: Les chemins de vie avec Marie Roesl\u00e9 se s\u00e9parent. Un d\u00e9chirement pour chacun des deux.<\/p>\n<p>2008\u00a0: Mise en place avec Marie Palanchon de la \u00ab\u00a0ferme muleti\u00e8re\u00a0\u00bb en Basse Ard\u00e8che\u00a0: des bovins viande, 8 poulini\u00e8res, un \u00e2ne Andalou puis un Catalan. Ce sera une petite dizaine d\u2019ann\u00e9es de production mulassi\u00e8re\u2026 et de deux enfants, bien fascin\u00e9s eux aussi par les chevaux et dot\u00e9s eux aussi d\u2019une belle sant\u00e9. Un autre voyage\u00a0!<\/p>\n<p>2019\u00a0: Apr\u00e8s la s\u00e9paration d\u2019avec Marie Palanchon, d\u00e9sireux de retrouver le silence des pistes, \u00c9mile entreprend un autre long p\u00e9riple avec des mules. Il durera 1 an et 5000\u00a0km dans le Nord Ouest des USA et au Canada, entrecoup\u00e9 par la p\u00e9riode COVID et avec deux moments majeurs\u00a0: l\u2019hiver au Canada (gla-gla\u00a0!) et la pr\u00e9sence de son fils Olivier (12 ans \u00e0 l\u2019\u00e9poque), \u00e9quipier de choix, pendant 10 semaines.<\/p>\n<p>2024\u2026 La vie continue. \u00c9mile partage son temps entre les cavaliers au long cours, sa \u00ab\u00a0deuxi\u00e8me famille\u00a0\u00bb, les formations au b\u00e2tage, l\u2019optimisation de mat\u00e9riels destin\u00e9s au voyage, ses enfants et la mise en place d\u2019un \u00e9colieu partag\u00e9 en Basse Ard\u00e8che.<\/p>\n<p>Le livre conna\u00eet une tr\u00e8s importante remise \u00e0 jour et des apports. Il est \u00e0 nouveau publi\u00e9.<\/p>\n<p>\u00c9mile r\u00eave toujours de voyages \u00e0 cheval. Comment pourrait-il en \u00eatre autrement\u00a0? Ce qui \u00e9tait une aspiration cavali\u00e8re au d\u00e9part est devenu un mode de vie et un moyen privil\u00e9gi\u00e9 pour d\u00e9couvrir sans cesse de nouveaux horizons, qu\u2019ils soient g\u00e9ographiques, culturels, relationnels, techniques, \u00e9thiques, philosophiques\u2026 et, pour reprendre l\u2019une de ses phrases\u00a0: \u00ab\u00a0surtout, ne pas se priver d\u2019\u00eatre utile et heureux\u00a0!\u00a0\u00bb<\/p>\n\n<div class=\"wp-block-image\">\n<figure class=\"aligncenter size-full\"><img loading=\"lazy\" decoding=\"async\" width=\"355\" height=\"408\" src=\"https:\/\/emile-brager.org\/wp-content\/uploads\/2024\/05\/dessin-removebg-preview.png\" alt=\"\" class=\"wp-image-63\" srcset=\"https:\/\/emile-brager.org\/wp-content\/uploads\/2024\/05\/dessin-removebg-preview.png 355w, https:\/\/emile-brager.org\/wp-content\/uploads\/2024\/05\/dessin-removebg-preview-261x300.png 261w\" sizes=\"auto, (max-width: 355px) 100vw, 355px\" \/><\/figure>\n<\/div>","protected":false},"excerpt":{"rendered":"<p>Voici ce le petit r\u00e9sum\u00e9 du chemin sportif et cavalier parcouru par \u00c9mile jusqu\u2019\u00e0 aujourd\u2019hui. Chemin qu\u2019il a bien l\u2019intention de continuer longtemps encore. Issu d\u2019un milieu familial modeste, gamin dot\u00e9 d\u2019une \u00ab\u00a0belle sant\u00e9\u00a0\u00bb et tr\u00e8s t\u00f4t r\u00e9fractaire \u00e0 toute forme de gouvernance, \u00c9mile fait des \u00e9tudes classiques qui d\u00e9bouchent sur beaucoup de sport dont&hellip; <a class=\"more-link\" href=\"https:\/\/emile-brager.org\/index.php\/le-parcours-cavalier-demile\/\">Continue reading <span class=\"screen-reader-text\">Le parcours cavalier\u00a0d&#8217;\u00c9mile<\/span><\/a><\/p>\n","protected":false},"author":1,"featured_media":0,"parent":0,"menu_order":0,"comment_status":"closed","ping_status":"closed","template":"","meta":{"footnotes":""},"class_list":["post-53","page","type-page","status-publish","hentry","entry"],"_links":{"self":[{"href":"https:\/\/emile-brager.org\/index.php\/wp-json\/wp\/v2\/pages\/53","targetHints":{"allow":["GET"]}}],"collection":[{"href":"https:\/\/emile-brager.org\/index.php\/wp-json\/wp\/v2\/pages"}],"about":[{"href":"https:\/\/emile-brager.org\/index.php\/wp-json\/wp\/v2\/types\/page"}],"author":[{"embeddable":true,"href":"https:\/\/emile-brager.org\/index.php\/wp-json\/wp\/v2\/users\/1"}],"replies":[{"embeddable":true,"href":"https:\/\/emile-brager.org\/index.php\/wp-json\/wp\/v2\/comments?post=53"}],"version-history":[{"count":3,"href":"https:\/\/emile-brager.org\/index.php\/wp-json\/wp\/v2\/pages\/53\/revisions"}],"predecessor-version":[{"id":64,"href":"https:\/\/emile-brager.org\/index.php\/wp-json\/wp\/v2\/pages\/53\/revisions\/64"}],"wp:attachment":[{"href":"https:\/\/emile-brager.org\/index.php\/wp-json\/wp\/v2\/media?parent=53"}],"curies":[{"name":"wp","href":"https:\/\/api.w.org\/{rel}","templated":true}]}}